{"id":1165,"date":"2021-05-14T14:03:50","date_gmt":"2021-05-14T14:03:50","guid":{"rendered":"http:\/\/hapkido-gt.de\/?page_id=1165"},"modified":"2021-05-16T14:17:48","modified_gmt":"2021-05-16T14:17:48","slug":"andre-schneider","status":"publish","type":"page","link":"https:\/\/hapkido-gt.de\/?page_id=1165","title":{"rendered":"Andre Schneider"},"content":{"rendered":"<p><a href=\"https:\/\/hapkido-gt.de\/wp-content\/uploads\/2018\/05\/Andre-Schneider-Hapkido-GT.jpg\"><img loading=\"lazy\" decoding=\"async\" class=\"size-medium wp-image-2014 alignright\" src=\"https:\/\/hapkido-gt.de\/wp-content\/uploads\/2018\/05\/Andre-Schneider-Hapkido-GT-200x300.jpg\" alt=\"\" width=\"200\" height=\"300\" srcset=\"https:\/\/hapkido-gt.de\/wp-content\/uploads\/2018\/05\/Andre-Schneider-Hapkido-GT-200x300.jpg 200w, https:\/\/hapkido-gt.de\/wp-content\/uploads\/2018\/05\/Andre-Schneider-Hapkido-GT-37x55.jpg 37w, https:\/\/hapkido-gt.de\/wp-content\/uploads\/2018\/05\/Andre-Schneider-Hapkido-GT.jpg 674w\" sizes=\"auto, (max-width: 200px) 100vw, 200px\" \/><\/a><\/p>\n<table style=\"height: 148px;\" border=\"0\" width=\"494\" rules=\"none\" cellspacing=\"5\" cellpadding=\"0\">\n<tbody>\n<tr>\n<td style=\"text-align: center;\" width=\"5%\">\n<h5 style=\"text-align: left;\"><strong>Trainiert HapKiDo seit<\/strong><\/h5>\n<h5 style=\"text-align: left;\"><strong>Erster Grad<\/strong><\/h5>\n<h5 style=\"text-align: left;\"><strong>Aktueller Grad<\/strong><\/h5>\n<\/td>\n<td style=\"text-align: center;\" width=\"5%\">\n<h5 style=\"text-align: left;\">1985 bis heute<\/h5>\n<h5 style=\"text-align: left;\">6. Kup (gelb), 26.04.1986<\/h5>\n<h5 style=\"text-align: left;\">1. Dan (schwarz), 29.11.1992<\/h5>\n<\/td>\n<\/tr>\n<tr>\n<td style=\"text-align: center;\">&nbsp;<\/td>\n<td style=\"text-align: left;\">&nbsp;<\/td>\n<\/tr>\n<\/tbody>\n<\/table>\n<h4><strong>Erfolge<\/strong><\/h4>\n<ul>\n<li style=\"text-align: left; padding-left: 10px;\">\n<h5>1988 LM 3. Platz Kampf bis 80kg<\/h5>\n<\/li>\n<li style=\"text-align: left; padding-left: 10px;\">\n<h5>1989 LM G\u00fctersloh 3. Platz Kampf bis 80kg<\/h5>\n<\/li>\n<li style=\"text-align: left; padding-left: 10px;\">\n<h5>1990 LM G\u00fctersloh 3. Platz Kampf \u00fcber 80kg<\/h5>\n<\/li>\n<li style=\"text-align: left; padding-left: 10px;\">\n<h5>1991 LM Kamen 2. Platz Kampf \u00fcber 80kg<\/h5>\n<\/li>\n<li style=\"text-align: left; padding-left: 10px;\">\n<h5>1992 EM Wien 2. Platz Kampf<\/h5>\n<\/li>\n<li style=\"text-align: left; padding-left: 10px;\">\n<h5>1992 LM Ahlen 3. Platz Kampf bis 80kg<\/h5>\n<\/li>\n<li style=\"text-align: left; padding-left: 10px;\">\n<h5>1993 LM G\u00fctersloh 2. Platz Kampf \u00fcber 85kg<\/h5>\n<\/li>\n<li style=\"text-align: left; padding-left: 10px;\">\n<h5>1994 LM Aachen 2. Platz Kampf bis 78kg; 1. Platz Bruchtest ab 1.Kup<\/h5>\n<\/li>\n<li style=\"text-align: left; padding-left: 10px;\">\n<h5>1995 Nordost Qualifikationsturnier G\u00fctersloh 1. Platz Kampf bis 86kg<\/h5>\n<\/li>\n<li style=\"text-align: left; padding-left: 10px;\">\n<h5>1995 LM Kamen 2. Platz Kampf bis 86kg; Techniker-Pokal Kampf<\/h5>\n<\/li>\n<li style=\"text-align: left; padding-left: 10px;\">\n<h5>1996 LM Aachen 1. Platz, Kampf bis 86kg<\/h5>\n<\/li>\n<li style=\"text-align: left; padding-left: 10px;\">\n<h5>1998 LM G\u00fctersloh 2. Platz, Kampf bis 86kg; 1. Platz, Bruchtest Dan Klasse<\/h5>\n<\/li>\n<li style=\"text-align: left; padding-left: 10px;\">\n<h5>1999 LM G\u00fctersloh 1. Platz Kampf bis 86kg; 1. Platz Bruchtest<\/h5>\n<\/li>\n<li style=\"text-align: left; padding-left: 10px;\">\n<h5>2001 DM Dortmund 2. Platz Kampf bis 88kg; 2. Platz Spektakul\u00e4rer&nbsp;Bruchtest;&nbsp;2. Platz Spezialbruchtest<\/h5>\n<\/li>\n<li style=\"text-align: left; padding-left: 10px;\">\n<h5>2001 LM Oelde 2. Platz Kampf bis 86kg; 3. Platz Bruchtest<\/h5>\n<\/li>\n<li style=\"text-align: left; padding-left: 10px;\">\n<h5>2002 LM Oelde 1. Platz Kampf bis 86; 1. Platz Bruchtest<\/h5>\n<\/li>\n<li style=\"text-align: left; padding-left: 10px;\">\n<h5>2002 DM B\u00f6nen 1. Platz Kampf bis 88kg; 1. Platz Spezialbruchtest Danklasse; 3. Platz Spektakul\u00e4rer Bruchtest; 5. Platz Show (Axel Pollmeier und Andre Schneider)<\/h5>\n<\/li>\n<\/ul>\n<hr>\n<p>&nbsp;<\/p>\n","protected":false},"excerpt":{"rendered":"<p>Trainiert HapKiDo seit Erster Grad Aktueller Grad 1985 bis heute 6. Kup (gelb), 26.04.1986 1. Dan (schwarz), 29.11.1992 &nbsp; &nbsp; Erfolge 1988 LM 3. Platz Kampf bis 80kg 1989 LM G\u00fctersloh 3. Platz Kampf bis 80kg 1990 LM G\u00fctersloh 3. Platz Kampf \u00fcber 80kg 1991 LM Kamen 2. Platz Kampf \u00fcber 80kg 1992 EM Wien [&hellip;]<\/p>\n","protected":false},"author":1,"featured_media":0,"parent":71,"menu_order":0,"comment_status":"closed","ping_status":"closed","template":"","meta":{"ngg_post_thumbnail":0,"footnotes":""},"class_list":["post-1165","page","type-page","status-publish","hentry"],"_links":{"self":[{"href":"https:\/\/hapkido-gt.de\/index.php?rest_route=\/wp\/v2\/pages\/1165","targetHints":{"allow":["GET"]}}],"collection":[{"href":"https:\/\/hapkido-gt.de\/index.php?rest_route=\/wp\/v2\/pages"}],"about":[{"href":"https:\/\/hapkido-gt.de\/index.php?rest_route=\/wp\/v2\/types\/page"}],"author":[{"embeddable":true,"href":"https:\/\/hapkido-gt.de\/index.php?rest_route=\/wp\/v2\/users\/1"}],"replies":[{"embeddable":true,"href":"https:\/\/hapkido-gt.de\/index.php?rest_route=%2Fwp%2Fv2%2Fcomments&post=1165"}],"version-history":[{"count":38,"href":"https:\/\/hapkido-gt.de\/index.php?rest_route=\/wp\/v2\/pages\/1165\/revisions"}],"predecessor-version":[{"id":2463,"href":"https:\/\/hapkido-gt.de\/index.php?rest_route=\/wp\/v2\/pages\/1165\/revisions\/2463"}],"up":[{"embeddable":true,"href":"https:\/\/hapkido-gt.de\/index.php?rest_route=\/wp\/v2\/pages\/71"}],"wp:attachment":[{"href":"https:\/\/hapkido-gt.de\/index.php?rest_route=%2Fwp%2Fv2%2Fmedia&parent=1165"}],"curies":[{"name":"wp","href":"https:\/\/api.w.org\/{rel}","templated":true}]}}