{"id":17,"date":"2021-05-14T14:03:08","date_gmt":"2021-05-14T14:03:08","guid":{"rendered":"http:\/\/hapkido-gt.de\/?page_id=17"},"modified":"2026-03-21T13:20:57","modified_gmt":"2026-03-21T13:20:57","slug":"trainer","status":"publish","type":"page","link":"https:\/\/hapkido-gt.de\/?page_id=17","title":{"rendered":"Trainingszeiten und Ort"},"content":{"rendered":"<h4><strong>Trainingszeiten<\/strong><\/h4>\n<h5><strong>Montags<\/strong><\/h5>\n<h5><strong>18:00h &#8211; 20:00h Familien-, Jugend- und Erwachsenentraining mit Axel<\/strong><\/h5>\n<h5>&nbsp;<\/h5>\n<h5><strong>Mittwochs<\/strong><\/h5>\n<h5><strong>18:00h &#8211; 20:00h Jugendtraining mit Sebastian<\/strong><\/h5>\n<h5><strong>20:00h &#8211; 22:00h Erwachsenentraining mit Andr\u00e9<\/strong><\/h5>\n<p>&nbsp;<\/p>\n<h5><strong>Donnerstags<\/strong><\/h5>\n<h5>(18:00h &#8211; 22:00h Freies Training nach Absprache)<\/h5>\n<p>&nbsp;<\/p>\n<h4><span style=\"color: #000000;\"><strong>Trainingsort<\/strong><\/span><\/h4>\n<h5><span style=\"color: #000000;\"><a href=\"https:\/\/hapkido-gt.de\/wp-content\/uploads\/2023\/01\/HapKiDoGT-scaled.jpg\"><img loading=\"lazy\" decoding=\"async\" class=\"aligncenter size-large wp-image-2625\" src=\"https:\/\/hapkido-gt.de\/wp-content\/uploads\/2023\/01\/HapKiDoGT-1024x768.jpg\" alt=\"\" width=\"600\" height=\"450\" srcset=\"https:\/\/hapkido-gt.de\/wp-content\/uploads\/2023\/01\/HapKiDoGT-1024x768.jpg 1024w, https:\/\/hapkido-gt.de\/wp-content\/uploads\/2023\/01\/HapKiDoGT-300x225.jpg 300w, https:\/\/hapkido-gt.de\/wp-content\/uploads\/2023\/01\/HapKiDoGT-768x576.jpg 768w, https:\/\/hapkido-gt.de\/wp-content\/uploads\/2023\/01\/HapKiDoGT-1536x1152.jpg 1536w, https:\/\/hapkido-gt.de\/wp-content\/uploads\/2023\/01\/HapKiDoGT-2048x1536.jpg 2048w, https:\/\/hapkido-gt.de\/wp-content\/uploads\/2023\/01\/HapKiDoGT-1240x930.jpg 1240w, https:\/\/hapkido-gt.de\/wp-content\/uploads\/2023\/01\/HapKiDoGT-508x381.jpg 508w\" sizes=\"auto, (max-width: 600px) 100vw, 600px\" \/><\/a><\/span><\/h5>\n<h5><span style=\"color: #000000;\">Sporthalle des Carl-Miele-Beruf-Kollegs (linker Sporthallenteil, direkt gegen\u00fcber der Herren-Umkleide L2).<\/span><\/h5>\n<h5><span style=\"color: #000000;\">Wilhelm-Wolf-Stra\u00dfe 2-4, G\u00fctersloh (gro\u00dfer Parkplatz auf dem Schulgel\u00e4nde)<\/span><\/h5>\n<h4>&nbsp;<\/h4>\n<h4><strong>Probetraining<\/strong><\/h4>\n<h5>Montags und Mittwochs zu den oben aufgef\u00fchrten Trainingszeiten. Keine Voranmeldung notwendig. Die ersten DREI Termine sind kostenfrei.<\/h5>\n<h5>Mitzubringen sind lockere Sportbekleidung (T-Shirt, lange Hose), saubere Hallenschuhe\/Barfu\u00df und Spa\u00df an der Bewegung.<\/h5>\n","protected":false},"excerpt":{"rendered":"<p>Trainingszeiten Montags 18:00h &#8211; 20:00h Familien-, Jugend- und Erwachsenentraining mit Axel &nbsp; Mittwochs 18:00h &#8211; 20:00h Jugendtraining mit Sebastian 20:00h &#8211; 22:00h Erwachsenentraining mit Andr\u00e9 &nbsp; Donnerstags (18:00h &#8211; 22:00h Freies Training nach Absprache) &nbsp; Trainingsort Sporthalle des Carl-Miele-Beruf-Kollegs (linker Sporthallenteil, direkt gegen\u00fcber der Herren-Umkleide L2). Wilhelm-Wolf-Stra\u00dfe 2-4, G\u00fctersloh (gro\u00dfer Parkplatz auf dem Schulgel\u00e4nde) &nbsp; [&hellip;]<\/p>\n","protected":false},"author":1,"featured_media":0,"parent":0,"menu_order":0,"comment_status":"closed","ping_status":"closed","template":"","meta":{"ngg_post_thumbnail":0,"footnotes":""},"class_list":["post-17","page","type-page","status-publish","hentry"],"_links":{"self":[{"href":"https:\/\/hapkido-gt.de\/index.php?rest_route=\/wp\/v2\/pages\/17","targetHints":{"allow":["GET"]}}],"collection":[{"href":"https:\/\/hapkido-gt.de\/index.php?rest_route=\/wp\/v2\/pages"}],"about":[{"href":"https:\/\/hapkido-gt.de\/index.php?rest_route=\/wp\/v2\/types\/page"}],"author":[{"embeddable":true,"href":"https:\/\/hapkido-gt.de\/index.php?rest_route=\/wp\/v2\/users\/1"}],"replies":[{"embeddable":true,"href":"https:\/\/hapkido-gt.de\/index.php?rest_route=%2Fwp%2Fv2%2Fcomments&post=17"}],"version-history":[{"count":55,"href":"https:\/\/hapkido-gt.de\/index.php?rest_route=\/wp\/v2\/pages\/17\/revisions"}],"predecessor-version":[{"id":3238,"href":"https:\/\/hapkido-gt.de\/index.php?rest_route=\/wp\/v2\/pages\/17\/revisions\/3238"}],"wp:attachment":[{"href":"https:\/\/hapkido-gt.de\/index.php?rest_route=%2Fwp%2Fv2%2Fmedia&parent=17"}],"curies":[{"name":"wp","href":"https:\/\/api.w.org\/{rel}","templated":true}]}}