{"id":2568,"date":"2021-06-16T10:54:51","date_gmt":"2021-06-16T10:54:51","guid":{"rendered":"https:\/\/hapkido-gt.de\/?page_id=2568"},"modified":"2026-04-15T10:00:41","modified_gmt":"2026-04-15T10:00:41","slug":"die-drei-prinzipien-des-hapkido","status":"publish","type":"page","link":"https:\/\/hapkido-gt.de\/?page_id=2568","title":{"rendered":"Die Drei Prinzipien des HapKiDo"},"content":{"rendered":"<h5>Eine kleine Ausf\u00fchrung zu den drei Prinzipien des Hapkido.<\/h5>\r\n<h5><!-- \/wp:post-content -->\r\n\r\n<!-- wp:paragraph --><\/h5>\r\n<h5><strong>Das erste Prinzip im Hapkido ist \u201ewon\u201c, der Kreis.<\/strong><\/h5>\r\n<h5>Es ist am leichtesten zu lernen und wird von Anfang an viel ge\u00fcbt.<\/h5>\r\n<h5>Es ist eine runde Bewegung auf einer Kreisbahn, also ein schnell zu lernendes, grundlegendes Prinzip. Es ist in jedem Wurf, jedem Hebel, in der Bewegungs- und Fallschule und in vielen Schl\u00e4gen und Fusstechniken enthalten.<\/h5>\r\n<h5><strong style=\"font-size: 1em;\">Das zweite Prinzip ist <\/strong><strong style=\"font-size: 1em;\">\u201eyu\u201c, das Wasser.<\/strong><\/h5>\r\n<h5>Trifft Wasser auf ein Hindernis, so flie\u00dft es vorbei. Es geht immer den Weg des geringsten Widerstands und versteht es doch, zu siegen. Das meinte Bruce Lee, als er sagte: \u201e be water!\u201c (Weich und Nachgiebig wie Wasser sein und nicht Kraft gegen Kraft setzen!) \u201eGo with the Flow.\u201c<\/h5>\r\n<h5>Diese beiden Prinzipien sind leicht zu verstehen und schnell zu lernen.<\/h5>\r\n<h5><strong style=\"font-size: 1em;\">Das dritte Prinzip ist \u201eHwa\u201c, die Harmonie.<\/strong><\/h5>\r\n<h5>Hwa ist schwer zu verstehen, schwer zu lernen und noch schwerer auszuf\u00fchren.<\/h5>\r\n<h5>Es geht um das \u201ein Harmonie sein mit sich selbst, mit dem Gegner und mit der Umwelt\u201c. Dann kann man im geeigneten Moment sanft die F\u00fchrung \u00fcbernehmen und die Kraft des Gegners zu ihm zur\u00fcckflie\u00dfen lassen.<\/h5>\r\n<h5>Wenn der Gegner merkt, das er die Kontrolle \u00fcber sein eigenes System verloren hat, ist es f\u00fcr ihn schon zu sp\u00e4t.<\/h5>\r\n<h5>Die Formel lautet:<\/h5>\r\n<h5>Meine Kraft + seine Kraft= meine Kraft.<\/h5>\r\n<h5>Gutes Hwa findet man selten. Hwa in Perfektion ist die absolute Meisterklasse!<\/h5>\r\n<h5>Viel Freude beim \u00dcben.<\/h5>\r\n<h5>Axel Pollmeier<\/h5>","protected":false},"excerpt":{"rendered":"<p>Eine kleine Ausf\u00fchrung zu den drei Prinzipien des Hapkido. Das erste Prinzip im Hapkido ist \u201ewon\u201c, der Kreis. Es ist am leichtesten zu lernen und wird von Anfang an viel ge\u00fcbt. Es ist eine runde Bewegung auf einer Kreisbahn, also ein schnell zu lernendes, grundlegendes Prinzip. Es ist in jedem Wurf, jedem Hebel, in der [&hellip;]<\/p>\n","protected":false},"author":1,"featured_media":0,"parent":0,"menu_order":0,"comment_status":"closed","ping_status":"closed","template":"","meta":{"ngg_post_thumbnail":0,"footnotes":""},"class_list":["post-2568","page","type-page","status-publish","hentry"],"_links":{"self":[{"href":"https:\/\/hapkido-gt.de\/index.php?rest_route=\/wp\/v2\/pages\/2568","targetHints":{"allow":["GET"]}}],"collection":[{"href":"https:\/\/hapkido-gt.de\/index.php?rest_route=\/wp\/v2\/pages"}],"about":[{"href":"https:\/\/hapkido-gt.de\/index.php?rest_route=\/wp\/v2\/types\/page"}],"author":[{"embeddable":true,"href":"https:\/\/hapkido-gt.de\/index.php?rest_route=\/wp\/v2\/users\/1"}],"replies":[{"embeddable":true,"href":"https:\/\/hapkido-gt.de\/index.php?rest_route=%2Fwp%2Fv2%2Fcomments&post=2568"}],"version-history":[{"count":9,"href":"https:\/\/hapkido-gt.de\/index.php?rest_route=\/wp\/v2\/pages\/2568\/revisions"}],"predecessor-version":[{"id":3255,"href":"https:\/\/hapkido-gt.de\/index.php?rest_route=\/wp\/v2\/pages\/2568\/revisions\/3255"}],"wp:attachment":[{"href":"https:\/\/hapkido-gt.de\/index.php?rest_route=%2Fwp%2Fv2%2Fmedia&parent=2568"}],"curies":[{"name":"wp","href":"https:\/\/api.w.org\/{rel}","templated":true}]}}