{"id":3159,"date":"2026-03-21T10:02:41","date_gmt":"2026-03-21T10:02:41","guid":{"rendered":"https:\/\/hapkido-gt.de\/?page_id=3159"},"modified":"2026-03-21T13:25:12","modified_gmt":"2026-03-21T13:25:12","slug":"wiki","status":"publish","type":"page","link":"https:\/\/hapkido-gt.de\/?page_id=3159","title":{"rendered":"Wiki"},"content":{"rendered":"<h5 style=\"text-align: center;\">Anbei ein paar n\u00fctzliche Downloads und interne \u00dcbersichten, die Dich beim Training und der Trainingsvorbereitung unterst\u00fctzen k\u00f6nnen.<\/h5>\n<h5 style=\"text-align: center;\">Bei den Pr\u00fcfungstechniken empfiehlt es sich, diese vor dem Training noch einmal der Reihenfolge nach geistig und in Ans\u00e4tzen durchzugehen. Somit bleibt Dir im Training mehr Zeit f\u00fcr das korrekte Ein\u00fcben der Bewegungsabl\u00e4ufe mit dem Trainer und f\u00fcr die Beantwortung Deiner Fragen zur Ausf\u00fchrung und Optimierung der jeweiligen Technik.<\/h5>\n<h5 style=\"text-align: center;\"><span style=\"color: #333399;\"><a style=\"color: #333399;\" href=\"https:\/\/hapkido-gt.de\/?page_id=2643\">6. Kup (gelber G\u00fcrtel)<\/a><\/span><\/h5>\n<h5 style=\"text-align: center;\"><span style=\"color: #333399;\"><a style=\"color: #333399;\" href=\"https:\/\/hapkido-gt.de\/?page_id=3174\">5. KUP (ORANGENER G\u00dcRTEL)<\/a><\/span><\/h5>\n<h5 style=\"text-align: center;\"><span style=\"color: #333399;\"><a style=\"color: #333399;\" href=\"https:\/\/hapkido-gt.de\/?page_id=3178\">4. KUP (GR\u00dcNER G\u00dcRTEL)<\/a><\/span><\/h5>\n<h5 style=\"text-align: center;\"><span style=\"color: #333399;\"><a style=\"color: #333399;\" href=\"https:\/\/hapkido-gt.de\/?page_id=3180\">3. KUP (BLAUER G\u00dcRTEL)<\/a><\/span><\/h5>\n<h5 style=\"text-align: center;\"><span style=\"color: #333399;\"><a style=\"color: #333399;\" href=\"https:\/\/hapkido-gt.de\/?page_id=3182\">2. KUP (BRAUNER G\u00dcRTEL)<\/a><\/span><\/h5>\n<h5 style=\"text-align: center;\"><span style=\"color: #333399;\"><a style=\"color: #333399;\" href=\"https:\/\/hapkido-gt.de\/?page_id=3184\">1. KUP (ROTER G\u00dcRTEL)<\/a><\/span><\/h5>\n<h5 style=\"text-align: center;\"><span style=\"color: #333399;\"><a style=\"color: #333399;\" href=\"https:\/\/hapkido-gt.de\/?page_id=3186\">1. DAN (SCHWARZER G\u00dcRTEL)<\/a><\/span><\/h5>\n<h5>&nbsp;<\/h5>\n<p>&nbsp;<\/p>\n<h4 style=\"text-align: center;\">Pr\u00fcfungsordnungen<\/h4>\n<h5 style=\"text-align: center;\"><span style=\"color: #333399;\"><a style=\"color: #333399;\" href=\"https:\/\/hapkido-gt.de\/wp-content\/uploads\/2024\/02\/Pruefungsordnung-Traditionell.pdf\">Pr\u00fcfungsordnung (Traditionell)<\/a><\/span><\/h5>\n<h5 style=\"text-align: center;\"><span style=\"color: #333399;\"><a style=\"color: #333399;\" href=\"https:\/\/hapkido-gt.de\/wp-content\/uploads\/2024\/02\/Wettkampfordnung.pdf\">Wettkampfordnung<\/a><\/span><\/h5>\n<h5 style=\"text-align: center;\"><span style=\"color: #333399;\"><a style=\"color: #333399;\" href=\"https:\/\/hapkido-gt.de\/wp-content\/uploads\/2024\/02\/Kleiderordnung.pdf\">Kleiderordnung<\/a><\/span><\/h5>\n<h5 style=\"text-align: center;\"><span style=\"color: #333399;\"><a style=\"color: #333399;\" href=\"https:\/\/hapkido-gt.de\/wp-content\/uploads\/2024\/02\/Koreanische-Vokabeln.pdf\">Koreanische Vokabeln<\/a><\/span><\/h5>\n<h5 style=\"text-align: center;\"><em>(Quelle: <span style=\"color: #333399;\"><a style=\"color: #333399;\" href=\"https:\/\/www.hapkido-nrw.de\/index.php\/verschiedenes\/downloads\/dokumente\">NWHV e.V.<\/a><\/span>)<\/em><\/h5>\n<p>&nbsp;<\/p>\n","protected":false},"excerpt":{"rendered":"<p>Anbei ein paar n\u00fctzliche Downloads und interne \u00dcbersichten, die Dich beim Training und der Trainingsvorbereitung unterst\u00fctzen k\u00f6nnen. Bei den Pr\u00fcfungstechniken empfiehlt es sich, diese vor dem Training noch einmal der Reihenfolge nach geistig und in Ans\u00e4tzen durchzugehen. Somit bleibt Dir im Training mehr Zeit f\u00fcr das korrekte Ein\u00fcben der Bewegungsabl\u00e4ufe mit dem Trainer und f\u00fcr [&hellip;]<\/p>\n","protected":false},"author":1,"featured_media":0,"parent":0,"menu_order":0,"comment_status":"closed","ping_status":"closed","template":"","meta":{"ngg_post_thumbnail":0,"footnotes":""},"class_list":["post-3159","page","type-page","status-publish","hentry"],"_links":{"self":[{"href":"https:\/\/hapkido-gt.de\/index.php?rest_route=\/wp\/v2\/pages\/3159","targetHints":{"allow":["GET"]}}],"collection":[{"href":"https:\/\/hapkido-gt.de\/index.php?rest_route=\/wp\/v2\/pages"}],"about":[{"href":"https:\/\/hapkido-gt.de\/index.php?rest_route=\/wp\/v2\/types\/page"}],"author":[{"embeddable":true,"href":"https:\/\/hapkido-gt.de\/index.php?rest_route=\/wp\/v2\/users\/1"}],"replies":[{"embeddable":true,"href":"https:\/\/hapkido-gt.de\/index.php?rest_route=%2Fwp%2Fv2%2Fcomments&post=3159"}],"version-history":[{"count":8,"href":"https:\/\/hapkido-gt.de\/index.php?rest_route=\/wp\/v2\/pages\/3159\/revisions"}],"predecessor-version":[{"id":3242,"href":"https:\/\/hapkido-gt.de\/index.php?rest_route=\/wp\/v2\/pages\/3159\/revisions\/3242"}],"wp:attachment":[{"href":"https:\/\/hapkido-gt.de\/index.php?rest_route=%2Fwp%2Fv2%2Fmedia&parent=3159"}],"curies":[{"name":"wp","href":"https:\/\/api.w.org\/{rel}","templated":true}]}}