{"id":6,"date":"2021-05-14T14:01:09","date_gmt":"2021-05-14T14:01:09","guid":{"rendered":"http:\/\/hapkido-gt.de\/?page_id=6"},"modified":"2021-05-16T09:13:03","modified_gmt":"2021-05-16T09:13:03","slug":"die-geschichte-des-hapkido","status":"publish","type":"page","link":"https:\/\/hapkido-gt.de\/?page_id=6","title":{"rendered":"Eine Geschichte des HapKiDo"},"content":{"rendered":"<h4><strong>\u201eDie drei Lehren sind eins\u201c. \u00dcber die Urspr\u00fcnge des HapKiDo.<\/strong><\/h4>\n<h5 style=\"text-align: left;\">Wie bei den meisten Kampfsportarten, so liegt auch beim HapKiDo nach unserer Meinung ein Teil der&nbsp;wahren asiatischen Urspr\u00fcnge im Dunkeln. Einiges ist&nbsp;nicht bekannt, anderes wird aus Nationalstolz oder aus Ehrfurcht vor dem Meister und der Lehre ver\u00e4ndert und verkl\u00e4rt. Anderes l\u00e4sst sich einfach nicht kl\u00e4ren, weil es dar\u00fcber keine Aufzeichnungen gibt.<\/h5>\n<h5 style=\"text-align: left;\">Wer kann denn schon sagen, wann&nbsp;erstmals in Korea ein&nbsp;Handgelenkhebel entdeckt wurde? Oder wie&nbsp;ist es wirklich gewesen: war&nbsp;Choi als Koreaner nun Diener, Sklave oder Adoptivsohn seines japanischen Meisters? Ja und dann gibt es noch das Internet, mit der Gefahr, das falsche Aussagen \u00fcbernommen und schnell verbreitet werden. An einigen&nbsp;Stellen kommen uns also gro\u00dfe Zweifel am Wahrheitsgehalt&nbsp;der traditionellen Erz\u00e4hlungen. Bitte ber\u00fccksichtigt das, wenn ihr den nachfolgenden Text lest.<\/h5>\n<h5 style=\"text-align: left;\">HapKiDo ist die Bezeichnung f\u00fcr eine koreanische Kampfkunst, deren Wurzeln in Japan und in Korea liegen. Sowohl die Form des heutigen Hapkidos, als auch der Name HapKiDo sind relativ jung und in der ersten H\u00e4lfte des letzten Jahrhunderts entstanden. Die in diesem System enthaltenen Techniken selber sind etliche hundert Jahre alt und lassen sich zeitlich nicht genau einordnen.<\/h5>\n<h5 style=\"text-align: left;\">Choi Yong- Sul, der Begr\u00fcnder des HapKiDo hatte zu Beginn des letzten Jahrhunderts langj\u00e4hrigen Kontakt zu Sokaku Takeda, einem ber\u00fchmten Kampfkunstlehrer in Tokio.<\/h5>\n<h5 style=\"text-align: left;\">Es gibt Quellen, nach denen Choi als Diener im Haushalt von Takeda ca. 30 Jahre lang lebte. Choi selber soll davon gesprochen haben, er sei von Takeda als Sohn adoptiert worden. F\u00fcr diese Aussage habe ich aber keine Best\u00e4tigung gefunden. Zu damaligen Zeit waren Koreaner als Gastarbeiter in Japan generell absolut unterprivilegiert und gering geachtet. Dieses gespannte Verh\u00e4ltnis existiert teilweise bis zum heutigen Tag.<\/h5>\n<h5 style=\"text-align: left;\">Wie auch immer: Takeda unterrichtete Daito-Ryo, ein Art des Aiki-Jujutsus. Einer seiner heute ber\u00fchmtesten Sch\u00fcler ist der Begr\u00fcnder des Aikido, Morihei Ueshiba.<\/h5>\n<h5 style=\"text-align: left;\">So haben Aikido und Teile des HapKiDos in dieser Zeit ihre gemeinsamen Urspr\u00fcnge.<\/h5>\n<h5 style=\"text-align: left;\">Das japanische Schriftzeichen f\u00fcr Aikido hat die gleichlautende Bedeutung wie das koreanische Schriftzeichen f\u00fcr HapKiDo. N\u00e4mlich Hap oder Ai (Harmonie oder zusammen, gemeinsam), Ki (geistige Energie), Do ((geistige) Lehre, Weg).<\/h5>\n<p style=\"text-align: center;\">&nbsp;<img loading=\"lazy\" decoding=\"async\" class=\"alignnone wp-image-420\" src=\"https:\/\/hapkido-gt.de\/wp-content\/uploads\/2014\/07\/Hapkido.png\" alt=\"Hapkido\" width=\"51\" height=\"155\">&nbsp; &nbsp; &nbsp; &nbsp; &nbsp; &nbsp; &nbsp;&nbsp; &nbsp; &nbsp; &nbsp; &nbsp; &nbsp; &nbsp;&nbsp;&nbsp; &nbsp; &nbsp; &nbsp; &nbsp; &nbsp; &nbsp; &nbsp; &nbsp; &nbsp; &nbsp; &nbsp; &nbsp; &nbsp; &nbsp; &nbsp; &nbsp; &nbsp; &nbsp; &nbsp; &nbsp; <img loading=\"lazy\" decoding=\"async\" class=\"alignnone wp-image-421\" src=\"https:\/\/hapkido-gt.de\/wp-content\/uploads\/2014\/07\/Aikido.png\" alt=\"Aikido\" width=\"66\" height=\"155\"><\/p>\n<h5 style=\"text-align: left;\">1945 endete der zweite Weltkrieg f\u00fcr Japan mit der bedingungslosen Kapitulation, die wirtschaftlichen Verh\u00e4ltnisse waren schwer, Meister Takeda starb und so kehrte Choi 1945 nach Korea zur\u00fcck und er\u00f6ffnete dort seine erste Schule. Zun\u00e4chst soll er das in Japan gelernte System unterrichtet haben. Dann entdeckte er traditionelle koreanische Techniken und kombinierte harten Techniken wie Schl\u00e4ge und Tritte mit den weichen Hebeln und W\u00fcrfen und mit dem Umleiten und Ausweichen. Dieses System nannte er zun\u00e4chst Yu Sul (weiche Kunst). Der Name HapKiDo (Harmonie &#8211; geistige Kraft &#8211; Lehre) wird erst seit den 60 er Jahren verwendet.<\/h5>\n<h5 style=\"text-align: left;\">Heute wird HapKiDo unter verschiedenen Namen und in verschiedenen Stilrichtungen ausgef\u00fchrt, z.b. als Shin-Moo Hapkido, Kuk suul won , Hwa Rang Do.<\/h5>\n<h5 style=\"text-align: left;\">Es ist inzwischen weltweit verbreitet und je nach Ausf\u00fchrung decken die Stilrichtungen das Spektrum von Meditation bis hin zu reinem Sport ab. Auch gibt es Stile, die der traditionellen chinesischen Medizin verbunden sind und dabei die gesundheitlichen Aspekte st\u00e4rker betonen.<\/h5>\n<h5 style=\"text-align: left;\">Die Techniken selber, genauso wie die dahinterstehenden Philosophien sind deutlich \u00e4lter als der Name HapKiDo. Verfolgt man die Prinzipien des HapKiDo zur\u00fcck zu den Quellen, dann findet man Elemente des Buddhismus, des Taoismus und des Konfuzianismus, wie die buddhistische Vorstellung von Leerheit, das daoistische Prinzip des Flie\u00dfens oder das hierarchische System vom Konfuzianismus. Das zentrale gemeinsame Element ist die Mittigkeit. Alle Bewegung geht vom Zentrum aus und f\u00fchrt dorthin zur\u00fcck. Die drei Lehren sind eins. Das war ein Motto aus damaliger Zeit und es findet seine Best\u00e4tigung im HapKiDo.<\/h5>\n<h5 style=\"text-align: left;\">Unser heutiges HapKiDo w\u00e4re auf einer Skala zwischen hart und weich etwa in der Mitte einzuordnen. Zwar kennt HapKiDo auch harte Techniken, wie Schl\u00e4ge und Tritte, aber die Selbstverteidigung und nicht der Angriff stehen klar im Vordergrund. Auch wenn die Selbstverteidigung f\u00fcr den Angreifer \u00e4u\u00dferst schmerzhaft sein kann, geht es nicht prim\u00e4r um die Zerst\u00f6rung des Angreifers, sondern rein um die Abwehr des Angriffs. Am Besten in einer Weise, die den Angreifer dazu bringt, seine Angriffsabsicht aufzugeben.<\/h5>\n<h5 style=\"text-align: left;\">So k\u00f6nnen mit Hilfe der HapKiDo-Techniken die Angriffe in weicher oder harter Art und Weise abgewehrt werden &#8211; ganz in Abh\u00e4ngigkeit von der Situation und von der Pers\u00f6nlichkeit.<\/h5>\n<h5 style=\"text-align: left;\">Axel Pollmeier<\/h5>\n","protected":false},"excerpt":{"rendered":"<p>\u201eDie drei Lehren sind eins\u201c. \u00dcber die Urspr\u00fcnge des HapKiDo. Wie bei den meisten Kampfsportarten, so liegt auch beim HapKiDo nach unserer Meinung ein Teil der&nbsp;wahren asiatischen Urspr\u00fcnge im Dunkeln. Einiges ist&nbsp;nicht bekannt, anderes wird aus Nationalstolz oder aus Ehrfurcht vor dem Meister und der Lehre ver\u00e4ndert und verkl\u00e4rt. Anderes l\u00e4sst sich einfach nicht kl\u00e4ren, [&hellip;]<\/p>\n","protected":false},"author":1,"featured_media":0,"parent":0,"menu_order":0,"comment_status":"closed","ping_status":"closed","template":"","meta":{"ngg_post_thumbnail":0,"footnotes":""},"class_list":["post-6","page","type-page","status-publish","hentry"],"_links":{"self":[{"href":"https:\/\/hapkido-gt.de\/index.php?rest_route=\/wp\/v2\/pages\/6","targetHints":{"allow":["GET"]}}],"collection":[{"href":"https:\/\/hapkido-gt.de\/index.php?rest_route=\/wp\/v2\/pages"}],"about":[{"href":"https:\/\/hapkido-gt.de\/index.php?rest_route=\/wp\/v2\/types\/page"}],"author":[{"embeddable":true,"href":"https:\/\/hapkido-gt.de\/index.php?rest_route=\/wp\/v2\/users\/1"}],"replies":[{"embeddable":true,"href":"https:\/\/hapkido-gt.de\/index.php?rest_route=%2Fwp%2Fv2%2Fcomments&post=6"}],"version-history":[{"count":39,"href":"https:\/\/hapkido-gt.de\/index.php?rest_route=\/wp\/v2\/pages\/6\/revisions"}],"predecessor-version":[{"id":2430,"href":"https:\/\/hapkido-gt.de\/index.php?rest_route=\/wp\/v2\/pages\/6\/revisions\/2430"}],"wp:attachment":[{"href":"https:\/\/hapkido-gt.de\/index.php?rest_route=%2Fwp%2Fv2%2Fmedia&parent=6"}],"curies":[{"name":"wp","href":"https:\/\/api.w.org\/{rel}","templated":true}]}}