{"id":80,"date":"2021-05-14T14:04:24","date_gmt":"2021-05-14T14:04:24","guid":{"rendered":"http:\/\/hapkido-gt.de\/?page_id=80"},"modified":"2021-05-16T09:18:54","modified_gmt":"2021-05-16T09:18:54","slug":"der-verein-2","status":"publish","type":"page","link":"https:\/\/hapkido-gt.de\/?page_id=80","title":{"rendered":"Unser Verein"},"content":{"rendered":"<h5 style=\"text-align: justify;\">Schulen mit Koreanischen Meistern gab es schon 1964 in Deutschland. Man vermutet, dass sie als Gastarbeiter f\u00fcr den Bergbau ins Ruhrgebiet kamen und Verwandten und privaten Sch\u00fclern die HapKiDo-Lehren weiter gab. Daraus hervor ging der HapKiDo-Club Beckum, der am 6.M\u00e4rz 1967 als erster HapKiDo-Verein Deutschlands gegr\u00fcndet wurde. Dort unterrichteten auch die deutschen Meister Karl-Heinz Kickut und Werner Bakalorz. Karl-Heinz Kickut gr\u00fcndete dann im Jahre 1973 den DHB (Deutscher HapKiDo-Bund) mit einer eigenen Pr\u00fcfungsordnung. Hervorgegangen aus einem Polizeisportverein schloss sich Werner Bakalorz (6. Dan) schon wenig sp\u00e4ter der Sportvereinigung Arminia G\u00fctersloh 1918 e.V. an und gr\u00fcndete den G\u00fctersloher HapKiDo-Verein.&nbsp;Seitdem wurde der HapKiDo-Verein in G\u00fctersloh kontinuierlich aufgebaut.<\/h5>\n<h5 style=\"text-align: justify;\">Den G\u00fctersloher HapKiDo-Verein gibt es in G\u00fctersloh nun schon seit \u00fcber 45 Jahren. An mehreren Tagen in der Woche trainieren die unterschiedlichsten Gruppen.<\/h5>\n<h5 style=\"text-align: justify;\">Auf Grund unseres Trainingskonzeptes bietet dieser Kampfsport wirklich jedem Interessierten genug M\u00f6glichkeiten, sich individuell geistig und sportlich zu bet\u00e4tigen. Die verschiedenen Charaktere unserer Trainer erm\u00f6glichen zusammen eine Trainingsvielfalt, die manche Sportvereinigung nicht bietet. So beinhalten unsere Trainingsstunden, abgesehen vom &#8222;reinen&#8220; HapKiDo-Training auch noch Stretching, Aerobic, R\u00fcckenschule, Basketball, Krafttraining, Konditionstraining und bei Bedarf Jogging.<\/h5>\n<h5 style=\"text-align: justify;\">Das Training eignet sich f\u00fcr alle Sporttauglichen ab ca. 12 Jahre (Jugendtraining). Das Abendtraining richtet sich an Einsteiger, Wiedereinsteiger und Kampfsportler ab 18 Jahre (Erwachsenentraining).<\/h5>\n<h5 style=\"text-align: justify;\">Der HapKiDo-Verein G\u00fctersloh besteht aus \u00fcber 80&nbsp;Mitgliedern in allen Altersgruppen.<\/h5>\n<h5 style=\"text-align: justify;\">Auch Frauen sind fester Bestandteil unseres Teams &#8211; der beste Beweis daf\u00fcr, dass HapKiDo nicht nur etwas f\u00fcr &#8222;harte M\u00e4nner&#8220; ist, sondern wirklich jedem was bietet. Brutalit\u00e4t ist bei uns fehl am Platz, &#8222;Klopper&#8220; oder &#8222;Angeber&#8220; haben keine Chance in unserem Verein. Vielmehr legen wir Wert auf solide Technik, Kondition und K\u00f6rperbeherrschung &#8211; aber auch Spass an der Bewegung und am Teamgeist. Der Altersdurchschnitt ist bei uns nicht aussagekr\u00e4ftig &#8211; im Erwachsenentraining finden sich beispielsweise aktive Freizeitsportler zwischen 18 und 70 Jahren.<\/h5>\n<h5 style=\"text-align: justify;\">Teamsport, Kameradschaft, Respekt, R\u00fccksicht und Fairness sind unsere Prinzipien.<\/h5>\n<h5 style=\"text-align: justify;\">&nbsp;<\/h5>\n","protected":false},"excerpt":{"rendered":"<p>Schulen mit Koreanischen Meistern gab es schon 1964 in Deutschland. Man vermutet, dass sie als Gastarbeiter f\u00fcr den Bergbau ins Ruhrgebiet kamen und Verwandten und privaten Sch\u00fclern die HapKiDo-Lehren weiter gab. Daraus hervor ging der HapKiDo-Club Beckum, der am 6.M\u00e4rz 1967 als erster HapKiDo-Verein Deutschlands gegr\u00fcndet wurde. Dort unterrichteten auch die deutschen Meister Karl-Heinz Kickut [&hellip;]<\/p>\n","protected":false},"author":1,"featured_media":0,"parent":0,"menu_order":0,"comment_status":"closed","ping_status":"closed","template":"","meta":{"ngg_post_thumbnail":0,"footnotes":""},"class_list":["post-80","page","type-page","status-publish","hentry"],"_links":{"self":[{"href":"https:\/\/hapkido-gt.de\/index.php?rest_route=\/wp\/v2\/pages\/80","targetHints":{"allow":["GET"]}}],"collection":[{"href":"https:\/\/hapkido-gt.de\/index.php?rest_route=\/wp\/v2\/pages"}],"about":[{"href":"https:\/\/hapkido-gt.de\/index.php?rest_route=\/wp\/v2\/types\/page"}],"author":[{"embeddable":true,"href":"https:\/\/hapkido-gt.de\/index.php?rest_route=\/wp\/v2\/users\/1"}],"replies":[{"embeddable":true,"href":"https:\/\/hapkido-gt.de\/index.php?rest_route=%2Fwp%2Fv2%2Fcomments&post=80"}],"version-history":[{"count":14,"href":"https:\/\/hapkido-gt.de\/index.php?rest_route=\/wp\/v2\/pages\/80\/revisions"}],"predecessor-version":[{"id":2438,"href":"https:\/\/hapkido-gt.de\/index.php?rest_route=\/wp\/v2\/pages\/80\/revisions\/2438"}],"wp:attachment":[{"href":"https:\/\/hapkido-gt.de\/index.php?rest_route=%2Fwp%2Fv2%2Fmedia&parent=80"}],"curies":[{"name":"wp","href":"https:\/\/api.w.org\/{rel}","templated":true}]}}