{"id":815,"date":"2021-05-14T14:00:22","date_gmt":"2021-05-14T14:00:22","guid":{"rendered":"http:\/\/hapkido-gt.de\/?page_id=815"},"modified":"2026-03-21T13:18:40","modified_gmt":"2026-03-21T13:18:40","slug":"anmeldung-und-kosten-3","status":"publish","type":"page","link":"https:\/\/hapkido-gt.de\/?page_id=815","title":{"rendered":"Anmeldung und Kosten"},"content":{"rendered":"<h4 style=\"text-align: left;\"><span style=\"color: #333399;\"><a style=\"color: #333399;\" href=\"https:\/\/hapkido-gt.de\/wp-content\/uploads\/2023\/01\/Anmeldeformular_SVA-GT-HapKiDo.pdf\">Anmeldeformular<\/a><\/span><\/h4>\n<p>&nbsp;<\/p>\n<h4 style=\"text-align: left;\">Du m\u00f6chtest HapKiDo-Mitglied in der SVA G\u00fctersloh werden?<\/h4>\n<h5 style=\"text-align: left;\">Wir sind ein klassischer Sportverein. Im Vergleich zu Fitnessstudios, Schulen oder Kampfsportcentern bieten wir daher u.a. folgende Vorteile:<\/h5>\n<ul>\n<li>\n<h5>Volle Kostentransparenz, s\u00e4mtliche Kosten&nbsp;bereits hier auf der&nbsp;Vereins-Homepage und dem Anmeldeformular ausgewiesen<\/h5>\n<\/li>\n<li>\n<h5>Sehr g\u00fcnstige Mitgliedsbeitr\u00e4ge, j\u00e4hrlich k\u00fcndbar<\/h5>\n<\/li>\n<li>\n<h5>Attraktive Rabatte f\u00fcr Sch\u00fcler, Studenten und Familien<\/h5>\n<\/li>\n<li>\n<h5>Keine versteckten Extra-Aufschl\u00e4ge f\u00fcr die Bestellung von Anz\u00fcgen oder Benutzung der Duschen, keine hohen Pr\u00fcfungsgeb\u00fchren<\/h5>\n<\/li>\n<li>\n<h5>Nachhaltiges Team: Erfahrene und in G\u00fctersloh etablierte Trainer, engagierte und erfolgreiche Mitglieder<\/h5>\n<\/li>\n<li>\n<h5>Respektvoller Umgang: Jeder trainiert nach seinen F\u00e4higkeiten und k\u00f6rperlichen M\u00f6glichkeiten<\/h5>\n<\/li>\n<\/ul>\n<p>&nbsp;<\/p>\n<h4>Unsere Jahresbeitr\u00e4ge betragen:<\/h4>\n<ul>\n<li>\n<h5>Kinder und Jugendliche bis 18 Jahre: <strong>40 \u20ac im Jahr (3,34 \u20ac mtl.)<\/strong><\/h5>\n<\/li>\n<li>\n<h5>Studenten und Sch\u00fcler \u00fcber 18 Jahre: <strong>50 \u20ac im Jahr (4,17 \u20ac mtl)<\/strong><\/h5>\n<\/li>\n<li>\n<h5>Erwachsene: <strong>90 \u20ac im Jahr (7,50 \u20ac mtl.)<\/strong><\/h5>\n<\/li>\n<li>\n<h5>Familienbeitrag: <strong>100 \u20ac im Jahr (8,34 \u20ac mtl.)<\/strong><\/h5>\n<\/li>\n<\/ul>\n<p>&nbsp;<\/p>\n<h4>Was f\u00e4llt noch an Kosten an?<\/h4>\n<ul>\n<li>\n<h5>Um an G\u00fcrtelpr\u00fcfungen, Meisterschaften oder Seminaren teilzunehmen, wird vom Verband ein <strong>HapKiDo-Pass<\/strong> ausgestellt. F\u00fcr diesen Pass wird <strong>einmalig<\/strong> eine Geb\u00fchr von <strong>15 Euro<\/strong> f\u00e4llig. Dar\u00fcber hinaus ist ein aktuelles <strong>Passfoto<\/strong> mitzubringen. Um die G\u00fcltigkeit des Passes zu belegen, wird j\u00e4hrlich vom Verband eine Jahressichtmarke zugeteilt, die f\u00fcr Vereinsmitglieder kostenlos ist.<\/h5>\n<\/li>\n<li>\n<h5>Ein&nbsp;schwarzer&nbsp;<strong>Hapkido-Anzug<\/strong> kostet abh\u00e4ngig von Deiner Gr\u00f6\u00dfe zwischen <strong>32 und 38 Euro<\/strong>, der \u00fcber den Verein bezogen werden kann. Ein Weissgurt liegt immer bei.<\/h5>\n<\/li>\n<li>\n<h5>F\u00fcr die optionale Teilnahme an Farbg\u00fcrtelpr\u00fcfungen wird <strong>je Pr\u00fcfung<\/strong> eine Geb\u00fchr von ca. <strong>15 Euro<\/strong> erhoben.<\/h5>\n<\/li>\n<\/ul>\n<p>&nbsp;<\/p>\n<h4><strong>Probetraining:<\/strong><\/h4>\n<ul>\n<li>\n<h5>Montags und Mittwochs zu den oben aufgef\u00fchrten Trainingszeiten.<\/h5>\n<\/li>\n<li>\n<h5>Keine Voranmeldung notwendig. Die ersten zwei Termine sind kostenfrei.<\/h5>\n<\/li>\n<li>\n<h5>Mitzubringen sind lockere Sportbekleidung (T-Shirt, lange Hose), saubere Hallenschuhe\/Barfu\u00df und Spa\u00df an der Bewegung.<\/h5>\n<\/li>\n<\/ul>\n","protected":false},"excerpt":{"rendered":"<p>Anmeldeformular &nbsp; Du m\u00f6chtest HapKiDo-Mitglied in der SVA G\u00fctersloh werden? Wir sind ein klassischer Sportverein. Im Vergleich zu Fitnessstudios, Schulen oder Kampfsportcentern bieten wir daher u.a. folgende Vorteile: Volle Kostentransparenz, s\u00e4mtliche Kosten&nbsp;bereits hier auf der&nbsp;Vereins-Homepage und dem Anmeldeformular ausgewiesen Sehr g\u00fcnstige Mitgliedsbeitr\u00e4ge, j\u00e4hrlich k\u00fcndbar Attraktive Rabatte f\u00fcr Sch\u00fcler, Studenten und Familien Keine versteckten Extra-Aufschl\u00e4ge f\u00fcr [&hellip;]<\/p>\n","protected":false},"author":1,"featured_media":0,"parent":0,"menu_order":0,"comment_status":"closed","ping_status":"closed","template":"","meta":{"ngg_post_thumbnail":0,"footnotes":""},"class_list":["post-815","page","type-page","status-publish","hentry"],"_links":{"self":[{"href":"https:\/\/hapkido-gt.de\/index.php?rest_route=\/wp\/v2\/pages\/815","targetHints":{"allow":["GET"]}}],"collection":[{"href":"https:\/\/hapkido-gt.de\/index.php?rest_route=\/wp\/v2\/pages"}],"about":[{"href":"https:\/\/hapkido-gt.de\/index.php?rest_route=\/wp\/v2\/types\/page"}],"author":[{"embeddable":true,"href":"https:\/\/hapkido-gt.de\/index.php?rest_route=\/wp\/v2\/users\/1"}],"replies":[{"embeddable":true,"href":"https:\/\/hapkido-gt.de\/index.php?rest_route=%2Fwp%2Fv2%2Fcomments&post=815"}],"version-history":[{"count":26,"href":"https:\/\/hapkido-gt.de\/index.php?rest_route=\/wp\/v2\/pages\/815\/revisions"}],"predecessor-version":[{"id":3233,"href":"https:\/\/hapkido-gt.de\/index.php?rest_route=\/wp\/v2\/pages\/815\/revisions\/3233"}],"wp:attachment":[{"href":"https:\/\/hapkido-gt.de\/index.php?rest_route=%2Fwp%2Fv2%2Fmedia&parent=815"}],"curies":[{"name":"wp","href":"https:\/\/api.w.org\/{rel}","templated":true}]}}